{"id":3,"date":"2021-06-23T13:04:26","date_gmt":"2021-06-23T13:04:26","guid":{"rendered":"http:\/\/livewin2.com\/?page_id=3"},"modified":"2021-07-05T10:13:29","modified_gmt":"2021-07-05T10:13:29","slug":"privacy-policy","status":"publish","type":"page","link":"https:\/\/livewin2.com\/en\/privacy-policy\/","title":{"rendered":"Aviso Legal"},"content":{"rendered":"<style type=\"text\/css\"><\/style><section class=\"kc-elm kc-css-1680369 kc_row\"><div class=\"kc-row-container  kc-container\"><div class=\"kc-wrap-columns\"><div class=\"kc-elm kc-css-257412 kc_col-sm-12 kc_column kc_col-sm-12\"><div class=\"kc-col-container\"><div class=\"kc-elm kc-css-1898511 kc_text_block\"><p><\/p>\n<h1 class=\"uk-heading-small uk-margin-remove-top wp-block-heading\">Aviso Legal<\/h1>\n<div class=\"uk-panel uk-margin\">\n<p><strong>INTRODUCCI\u00d3N:<\/strong><\/p>\n<p>El presente documento tiene como finalidad el establecer y regular las normas de uso de este portal web, entendiendo por \u00e9ste todas las p\u00e1ginas y sus contenidos propiedad de ALVICOM GLOBAL SOLUTIONS SL a las cuales se accede a trav\u00e9s del dominio\u00a0<a href=\"https:\/\/alvicom.es\/\" target=\"_blank\" rel=\"noopener\">https:\/\/alvicom.es<\/a><\/p>\n<p>La utilizaci\u00f3n del portal web atribuye la condici\u00f3n de Usuario del mismo e implica la aceptaci\u00f3n de todas las condiciones incluidas en el presente Aviso Legal. El Usuario se compromete a leer atentamente el presente Aviso Legal en cada una de las ocasiones en que se proponga utilizar nuestro portal web ya que \u00e9ste y sus condiciones de uso recogidas en el presente Aviso Legal pueden sufrir modificaciones.<\/p>\n<p><strong><br \/>DATOS IDENTIFICATIVOS:<\/strong><\/p>\n<p>En cumplimiento con el deber de informaci\u00f3n recogido en art\u00edculo 10 de la Ley 34\/2002, de 11 de julio, de Servicios de la Sociedad de la Informaci\u00f3n y del Comercio Electr\u00f3nico, LSSI-CE a continuaci\u00f3n se reflejan los siguientes datos:<\/p>\n<p>El titular del presente Sitio es: ALVICOM GLOBAL SOLUTIONS SL,\u00a0<strong>NIF:<\/strong>\u00a0B88596044.\u00a0<strong>Domicilio:<\/strong>\u00a0Cl. COPENHAGHE 23 28922 Alcorc\u00f3n, Madrid,\u00a0<strong>Phone Number<\/strong>: 911981234\u00a0<strong>Inscrita en el Registro: Madrid Tomo:40237, Libro: 0<\/strong>\u00a0<strong>Folio: 45 , Secci\u00f3n: Secci\u00f3n General de Sociedades, Hoja:<\/strong>\u00a0N\u00ba\u00a0M-714891<\/p>\n<p><strong>Correo electr\u00f3nico:<\/strong>\u00a0 lopd@alvicom.es<br \/><strong>Nombre del dominio:\u00a0<a href=\"https:\/\/alvicom.es\/\" target=\"_blank\" rel=\"noopener\">alvicom.es<\/a><\/strong><\/p>\n<p><strong><br \/>USUARIOS:<\/strong><\/p>\n<p>El acceso y\/o uso de este portal\u00a0\u00a0<a href=\"https:\/\/alvicom.es\/\" target=\"_blank\" rel=\"noopener\">https:\/\/alvicom.es<\/a>, atribuye la condici\u00f3n de USUARIO, que acepta, desde dicho acceso y\/o uso, las Condiciones Generales de Uso aqu\u00ed reflejadas. Las citadas Condiciones ser\u00e1n de aplicaci\u00f3n independientemente de las Condiciones Generales de Contrataci\u00f3n que en su caso resulten de obligado cumplimiento.<\/p>\n<p><strong><br \/>USO DEL PORTAL:<\/strong><\/p>\n<p>https:\/\/alvicom.es , proporciona el acceso a diversas informaciones sobre nuestra entidad, productos y servicios, localizaci\u00f3n de oficinas, apartados de contacto, enlaces a redes sociales (en adelante, \u00ablos contenidos\u00bb) en internet pertenecientes a ALVICOM GLOBAL SOLUTIONS SL o a sus licenciantes a los que el Usuario pueda tener acceso. El Usuario asume la responsabilidad del uso del portal.<\/p>\n<p>Dicha responsabilidad se extiende al registro que fuese necesario para acceder a determinados servicios o contenidos, petici\u00f3n de presupuestos, contrataci\u00f3n, ofertas de trabajo, recepci\u00f3n CV o bien para posibilitar la respuesta en relaci\u00f3n a sus consultas en el apartado de contacto de la presente p\u00e1gina web. En dicho registro el Usuario ser\u00e1 responsable de aportar informaci\u00f3n veraz y l\u00edcita.<\/p>\n<p>ALVICOM GLOBAL SOLUTIONS SL por s\u00ed o como cesionaria, es titular de todos los derechos de propiedad intelectual e industrial de su p\u00e1gina web, as\u00ed como de los elementos contenidos en la misma (a t\u00edtulo enunciativo, im\u00e1genes, sonido, audio, v\u00eddeo, software o textos; marcas o logotipos, combinaciones de colores, estructura y dise\u00f1o, selecci\u00f3n de materiales usados, programas de ordenador necesarios para su funcionamiento, acceso y uso, etc.), titularidad de ALVICOM GLOBAL SOLUTIONS SL. todos los derechos reservados.<\/p>\n<p>En virtud de lo dispuesto en los art\u00edculos 8 y 32.1, p\u00e1rrafo segundo, de la Ley de Propiedad Intelectual, quedan expresamente prohibidas la reproducci\u00f3n, la distribuci\u00f3n y la comunicaci\u00f3n p\u00fablica, incluida su modalidad de puesta a disposici\u00f3n, de la totalidad o parte de los contenidos de esta p\u00e1gina web, con fines comerciales, en cualquier soporte y por cualquier medio t\u00e9cnico, sin la autorizaci\u00f3n de ALVICOM GLOBAL SOLUTIONS SL.<\/p>\n<p>El Usuario se compromete a respetar los derechos de Propiedad Intelectual e Industrial titularidad de ALVICOM GLOBAL SOLUTIONS SL. La utilizaci\u00f3n no autorizada de la informaci\u00f3n contenida en este Sitio, as\u00ed como los perjuicios ocasionados en los derechos de propiedad intelectual e industrial de ALVICOM GLOBAL SOLUTIONS SL pueden dar lugar al ejercicio de las acciones que legalmente correspondan y, si procede, a las responsabilidades que de dicho ejercicio se deriven.<\/p>\n<p><strong>EXCLUSI\u00d3N DE GARANT\u00cdAS Y RESPONSABILIDAD:\u00a0<\/strong><\/p>\n<p>ALVICOM GLOBAL SOLUTIONS SL no se hace responsable, en ning\u00fan caso, de los da\u00f1os y perjuicios de cualquier naturaleza que pudieran ocasionar, a t\u00edtulo enunciativo: errores u omisiones en los contenidos, falta de disponibilidad del portal o la transmisi\u00f3n de virus o programas maliciosos o lesivos en los contenidos, a pesar de haber adoptado todas las medidas tecnol\u00f3gicas necesarias para evitarlo.<\/p>\n<p>El contenido, informaci\u00f3n y\/o consejos expresados en este portal web deben entenderse como simplemente orientativos. ALVICOM GLOBAL SOLUTIONS SL no responde de ninguna forma de la efectividad o exactitud de los mismos, quedando exenta de cualquier responsabilidad con los usuarios que haga uso de ellos, ya que son \u00e9stas las que deber\u00e1n decidir seg\u00fan su criterio la oportunidad de los mismos. En este Sitio se pueden publicar contenidos y comentarios aportados por terceras personas, ALVICOM GLOBAL SOLUTIONS SL no responde de la veracidad y exactitud de los mismos, quedando exenta de cualquier responsabilidad con los usuarios que hagan uso de ellos.<\/p>\n<p>ALVICOM GLOBAL SOLUTIONS SL se reserva el derecho de modificar el contenido del Sitio sin previo aviso y sin ning\u00fan tipo de limitaci\u00f3n. As\u00ed mismo la empresa declina cualquier responsabilidad por los eventuales da\u00f1os y perjuicios que puedan ocasionarse por la falta de disponibilidad y\/o continuidad de este Sitio y de los servicios que se ofrecen en \u00e9l. As\u00ed mismo, tampoco podemos garantizar la ausencia de virus ni de otros elementos en la Web que puedan producir alteraciones en su sistema inform\u00e1tico.<\/p>\n<p>ALVICOM GLOBAL SOLUTIONS SL declina cualquier responsabilidad por los servicios y\/o informaci\u00f3n que se preste en otros sitios enlazados con este, ya que no controla ni ejerce ning\u00fan tipo de supervisi\u00f3n en Sitios Webs de terceros. Aconsejamos a los usuarios de los mismos a actuar con prudencia y consultar las eventuales condiciones legales que se expongan en dichas Webs. As\u00ed mismo los usuarios que remitan cualquier tipo de informaci\u00f3n a ALVICOM GLOBAL SOLUTIONS SL se comprometen a que la misma sea veraz y que no vulnere cualquier derecho de terceros ni la legalidad vigente.<\/p>\n<p>Si usted cree que cualquier contenido y\/o informaci\u00f3n de este Sitio vulnera un derecho leg\u00edtimo o la legalidad vigente le agradecer\u00edamos que se pusiera en contacto con ALVICOM GLOBAL SOLUTIONS SL para que podamos tomar las medidas oportunas.<\/p>\n<p><strong>MODIFICACIONES:<\/strong><\/p>\n<p>ALVICOM GLOBAL SOLUTIONS SL se reserva el derecho de efectuar sin previo aviso las modificaciones que considere oportunas en su portal, pudiendo cambiar, suprimir o a\u00f1adir tanto los contenidos y servicios que se presten a trav\u00e9s de la misma como la forma en la que \u00e9stos aparezcan presentados o localizados en su portal.<\/p>\n<p><strong>DERECHO DE EXCLUSI\u00d3N:<\/strong><\/p>\n<p>ALVICOM GLOBAL SOLUTIONS SL se reserva el derecho a denegar o retirar el acceso a portal y\/o los servicios ofrecidos sin necesidad de preaviso, a instancia propia o de un tercero, a aquellos usuarios que incumplan las presentes Condiciones Generales de Uso.<\/p>\n<p><strong>GENERALIDADES:<\/strong><\/p>\n<p>ALVICOM GLOBAL SOLUTIONS SL perseguir\u00e1 el incumplimiento de las presentes condiciones, as\u00ed como cualquier utilizaci\u00f3n indebida de su portal ejerciendo todas las acciones civiles y penales que le puedan corresponder en derecho.<\/p>\n<p><strong>LEGISLACI\u00d3N APLICABLE<\/strong><\/p>\n<p>El presente Aviso Legal se rige en todos y cada uno de sus extremos por la legislaci\u00f3n espa\u00f1ola.<\/p>\n<p><strong>LEGISLACI\u00d3N APLICABLE Y JURISDICCI\u00d3N:<\/strong><\/p>\n<p>La relaci\u00f3n entre ALVICOM GLOBAL SOLUTIONS SL el Usuario se regir\u00e1 por la normativa espa\u00f1ola vigente y cualquier controversia se someter\u00e1 a los Juzgados y tribunales de la ciudad de Madrid.<\/p>\n<\/div>\n<p><\/p>\n<\/div><\/div><\/div><\/div><\/div><\/section>","protected":false},"excerpt":{"rendered":"<p>Aviso Legal INTRODUCCI\u00d3N: El presente documento tiene como finalidad el establecer y regular las normas de uso de este portal web, entendiendo por \u00e9ste todas las p\u00e1ginas y sus contenidos propiedad de ALVICOM GLOBAL SOLUTIONS SL a las cuales se accede a trav\u00e9s del dominio\u00a0https:\/\/alvicom.es La utilizaci\u00f3n del portal web atribuye la condici\u00f3n de Usuario &hellip; <\/p>\n<p class=\"link-more\"><a href=\"https:\/\/livewin2.com\/en\/privacy-policy\/\" class=\"more-link\">Continue reading<span class=\"screen-reader-text\"> \u00abAviso Legal\u00bb<\/span><\/a><\/p>","protected":false},"author":1,"featured_media":0,"parent":0,"menu_order":0,"comment_status":"closed","ping_status":"closed","template":"elementor_canvas","meta":{"footnotes":""},"class_list":["post-3","page","type-page","status-publish","hentry","entry"],"_links":{"self":[{"href":"https:\/\/livewin2.com\/en\/wp-json\/wp\/v2\/pages\/3","targetHints":{"allow":["GET"]}}],"collection":[{"href":"https:\/\/livewin2.com\/en\/wp-json\/wp\/v2\/pages"}],"about":[{"href":"https:\/\/livewin2.com\/en\/wp-json\/wp\/v2\/types\/page"}],"author":[{"embeddable":true,"href":"https:\/\/livewin2.com\/en\/wp-json\/wp\/v2\/users\/1"}],"replies":[{"embeddable":true,"href":"https:\/\/livewin2.com\/en\/wp-json\/wp\/v2\/comments?post=3"}],"version-history":[{"count":2,"href":"https:\/\/livewin2.com\/en\/wp-json\/wp\/v2\/pages\/3\/revisions"}],"predecessor-version":[{"id":13,"href":"https:\/\/livewin2.com\/en\/wp-json\/wp\/v2\/pages\/3\/revisions\/13"}],"wp:attachment":[{"href":"https:\/\/livewin2.com\/en\/wp-json\/wp\/v2\/media?parent=3"}],"curies":[{"name":"wp","href":"https:\/\/api.w.org\/{rel}","templated":true}]}}