{"id":14,"date":"2021-07-05T10:14:01","date_gmt":"2021-07-05T10:14:01","guid":{"rendered":"http:\/\/livewin2.com\/?page_id=14"},"modified":"2021-07-05T10:14:01","modified_gmt":"2021-07-05T10:14:01","slug":"politica-de-cookies","status":"publish","type":"page","link":"https:\/\/livewin2.com\/en\/politica-de-cookies\/","title":{"rendered":"Pol\u00edtica de Cookies"},"content":{"rendered":"<style type=\"text\/css\"><\/style>\n<section class=\"kc-elm kc-css-2589643 kc_row\">\n<div class=\"kc-row-container  kc-container\">\n<div class=\"kc-wrap-columns\">\n<div class=\"kc-elm kc-css-745249 kc_col-sm-12 kc_column kc_col-sm-12\">\n<div class=\"kc-col-container\">\n<div class=\"kc-elm kc-css-1958913 kc_text_block\">\n<div class=\"uk-margin-small uk-margin-remove-top uk-margin-remove-bottom uk-container\" style=\"display: flow-root; box-sizing: content-box; max-width: 1200px; padding-left: 0px; padding-right: 0px; color: #6c6f71; font-family: 'Archivo Narrow'; font-size: 17px; background-color: #ffffff; margin: 0px !important auto 0px !important auto;\">\n<div class=\"uk-margin-remove-top uk-margin-remove-bottom tm-grid-expand uk-grid-row-small uk-grid-divider uk-child-width-1-1 uk-grid uk-grid-stack\" style=\"display: flex; flex-wrap: wrap; padding: 0px; list-style: none; margin: 0px !important 0px 0px -80px;\">\n<div class=\"uk-width-1-1@m uk-first-column\" style=\"margin: 0px; padding-left: 80px; position: relative; box-sizing: border-box; width: 980px; max-width: 100%; flex-grow: 1;\">\n<h3 style=\"margin: 40px 0px 30px; font-family: inherit; font-weight: 300; color: #737576; text-transform: inherit; font-size: 32px; line-height: 1.4;\">Pol\u00edtica de Cookies<\/h3>\n<ul class=\"uk-list uk-list-large uk-margin-medium\" style=\"padding: 0px; list-style: none; margin: 40px !important 0px 0px 0px;\">\n<li class=\"el-item\">\n<div class=\"el-content uk-panel\" style=\"display: flow-root; position: relative; box-sizing: border-box; margin-bottom: 0px;\">\n<p style=\"margin: 0px 0px 30px;\">El Sitio Web utiliza un analizador de tr\u00e1fico que emplea peque\u00f1os programas denominados y conocidos como \u201ccookies\u201d que nos dan a conocer cierta informaci\u00f3n sobre el uso de nuestro Sitio:<\/p>\n<ul style=\"margin: 30px 0px; padding-left: 30px;\">\n<li>Las cookies contienen informaci\u00f3n que se transfiere al disco duro de su ordenador. Podemos recabar informaci\u00f3n sobre su ordenador, incluido, en su caso, su direcci\u00f3n de IP, sistema operativo y tipo de navegador. Se trata de datos estad\u00edsticos sobre c\u00f3mo navega por nuestro sitio Web.<\/li>\n<li>Las cookies nos ayudan a mejorar nuestro sitio Web y a prestar un servicio mejor y m\u00e1s personalizado. En concreto, nos permiten:<\/li>\n<\/ul>\n<ol style=\"margin: 30px 0px; padding-left: 30px;\">\n<li>Hacer una estimaci\u00f3n sobre n\u00fameros y patrones de uso.<\/li>\n<li>Almacenar informaci\u00f3n acerca de sus preferencias y personalizar nuestro sitio web de conformidad con sus intereses individuales.<\/li>\n<li>Acelerar sus b\u00fasquedas.<\/li>\n<li>Reconocerle cuando regrese de nuevo a nuestro sitio.<\/li>\n<\/ol>\n<ul style=\"margin: 30px 0px; padding-left: 30px;\">\n<li>Esta p\u00e1gina web utiliza Google Analytics, un servicio anal\u00edtico de web prestado por Google, Inc., una compa\u00f1\u00eda de Delaware cuya oficina principal est\u00e1 en 1600 Amphitheatre Parkway, Mountain View (California), CA 94043, Estados Unidos (\u201cGoogle\u201d). Google Analytics utiliza \u201ccookies\u201d, que son archivos de texto ubicados en su ordenador, para ayudar al sitio Web a analizar el uso que hacen los usuarios del sitio Web. La informaci\u00f3n que genera la cookie acerca de su uso del sitio Web (incluyendo su direcci\u00f3n IP) ser\u00e1 directamente transmitida y archivada por Google en los servidores de Estados Unidos. Google usar\u00e1 esta informaci\u00f3n por cuenta nuestra con el prop\u00f3sito de seguir la pista de su uso del sitio Web, recopilando informes de la actividad del sitio Web y prestando otros servicios relacionados con la actividad del sitio Web y el uso de Internet. Google podr\u00e1 transmitir dicha informaci\u00f3n a terceros cuando as\u00ed se lo requiera la legislaci\u00f3n, o cuando dichos terceros procesen la informaci\u00f3n por cuenta de Google. Google no asociar\u00e1 su direcci\u00f3n IP con ning\u00fan otro dato del que disponga Google. Puede Usted rechazar el tratamiento de los datos o la informaci\u00f3n rechazando el uso de cookies mediante la selecci\u00f3n de la configuraci\u00f3n apropiada de su navegador, sin embargo, debe Usted saber que si lo hace puede ser que no pueda usar la plena funcionabilidad de este sitio Web. Al utilizar este sitio Web Usted consiente el tratamiento de informaci\u00f3n acerca de Usted por Google en la forma y para los fines arriba indicados. A estos efectos, se informa que Google Inc. tiene la consideraci\u00f3n de \u201cpuerto seguro\u201d en cuanto a la normativa de protecci\u00f3n de datos personales.<\/li>\n<li>El Usuario da su previo consentimiento, salvo indicaci\u00f3n en contrario, al uso de \u201ccookies\u201d. El Usuario autoriza tambi\u00e9n los seguimientos de su IP durante la navegaci\u00f3n en el sitio Web.<\/li>\n<li>Puede negarte a aceptar cookies activando la configuraci\u00f3n en su navegador que permite rechazar las cookies. No obstante, si seleccionas esta configuraci\u00f3n, quiz\u00e1s no pueda acceder a determinadas partes del Sitio Web o no pueda aprovecharse de alguno de nuestros servicios. A menos que haya ajustado la configuraci\u00f3n de su navegador de forma que rechace cookies, nuestro sistema producir\u00e1 cookies cuando se conecte a nuestro sitio.<\/li>\n<li>Siguiendo las directrices europeas de la normativa de protecci\u00f3n de datos que puedan verse afectados por el uso de cookies, informamos que los distintos navegadores de Internet cuentan con herramientas de configuraci\u00f3n para que el Usuario, si lo desea, pueda desactivar y\/o eliminar estas cookies o bien activar en su navegador el modo de navegaci\u00f3n privada.<\/li>\n<li>Puede usted permitir, bloquear o eliminar las cookies instaladas en su equipo mediante la configuraci\u00f3n de las opciones del navegador instalado en su ordenador:<\/li>\n<\/ul>\n<ol style=\"margin: 30px 0px 0px; padding-left: 30px;\">\n<li><a style=\"color: #cad5de; text-decoration-line: none;\" href=\"http:\/\/support.google.com\/chrome\/bin\/answer.py?hl=es&amp;answer=95647\" target=\"_blank\" rel=\"noopener\">Chrome<\/a><em style=\"color: #a5cae5;\">:\u00a0<a style=\"color: #cad5de; text-decoration-line: none;\" href=\"https:\/\/support.google.com\/chrome\/answer\/95647?hl=es\" target=\"_blank\" rel=\"noopener\">https:\/\/support.google.com\/chrome\/answer\/95647?hl=es<\/a><\/em><\/li>\n<li><a style=\"color: #cad5de; text-decoration-line: none;\" href=\"http:\/\/windows.microsoft.com\/es-es\/windows7\/how-to-manage-cookies-in-internet-explorer-9\" target=\"_blank\" rel=\"noopener\">Explorer<\/a><em style=\"color: #a5cae5;\">\u00a0<a style=\"color: #cad5de; text-decoration-line: none;\" href=\"http:\/\/windows.microsoft.com\/es-es\/windows7\/how-to-manage-cookies-in-internet-explorer-9\" target=\"_blank\" rel=\"noopener\">http:\/\/windows.microsoft.com\/es-es\/windows7\/how-to-manage-cookies-in-internet-explorer-9<\/a><\/em><\/li>\n<li><a style=\"color: #cad5de; text-decoration-line: none;\" href=\"http:\/\/support.mozilla.org\/es\/kb\/habilitar-y-deshabilitar-cookies-que-los-sitios-we\" target=\"_blank\" rel=\"noopener\">Firefox<\/a><em style=\"color: #a5cae5;\">\u00a0<a style=\"color: #cad5de; text-decoration-line: none;\" href=\"https:\/\/support.mozilla.org\/es\/kb\/habilitar-y-deshabilitar-cookies-que-los-sitios-we\" target=\"_blank\" rel=\"noopener\">https:\/\/support.mozilla.org\/es\/kb\/habilitar-y-deshabilitar-cookies-que-los-sitios-we<\/a><\/em><\/li>\n<li><a style=\"color: #cad5de; text-decoration-line: none;\" href=\"http:\/\/support.apple.com\/kb\/ph5042\" target=\"_blank\" rel=\"noopener\">Safari<\/a><em style=\"color: #a5cae5;\">\u00a0<a style=\"color: #cad5de; text-decoration-line: none;\" href=\"https:\/\/support.apple.com\/kb\/ph5042?locale=es_ES\" target=\"_blank\" rel=\"noopener\">https:\/\/support.apple.com\/kb\/ph5042?locale=es_ES<\/a><\/em><\/li>\n<li><a style=\"color: #cad5de; text-decoration-line: none;\" href=\"http:\/\/support.apple.com\/kb\/ph5042\" target=\"_blank\" rel=\"noopener\">Safari para IOS<\/a>(iPhone y iPad)\u00a0<a style=\"color: #cad5de; text-decoration-line: none;\" href=\"https:\/\/support.apple.com\/es-es\/HT201265\" target=\"_blank\" rel=\"noopener\"><em style=\"color: #a5cae5;\">https:\/\/support.apple.com\/es-es\/HT201265<\/em><\/a><\/li>\n<\/ol>\n<\/div>\n<\/li>\n<\/ul>\n<\/div>\n<\/div>\n<\/div>\n<div class=\"tm-grid-expand uk-child-width-1-1 uk-margin-large uk-grid uk-grid-stack\" style=\"display: flex; flex-wrap: wrap; padding: 0px; list-style: none; color: #6c6f71; font-family: 'Archivo Narrow'; font-size: 17px; background-color: #ffffff; margin: 65px !important 0px 65px -40px;\">\n<div class=\"uk-width-1-1@m uk-first-column\" style=\"margin: 0px; padding-left: 40px; box-sizing: border-box; width: 940px; max-width: 100%; flex-grow: 1;\">\n<h3 style=\"margin: 0px 0px 30px; font-family: inherit; font-weight: 300; color: #737576; text-transform: inherit; font-size: 32px; line-height: 1.4;\">\u00a0<\/h3>\n<h3 style=\"margin: 40px 0px 30px; font-family: inherit; font-weight: 300; color: #737576; text-transform: inherit; font-size: 32px; line-height: 1.4;\"><span style=\"font-weight: bolder;\">Actualizaciones en la Pol\u00edtica de Cookies<\/span><\/h3>\n<ul class=\"uk-list uk-list-large\" style=\"margin: 30px 0px 0px; padding: 0px; list-style: none;\">\n<li class=\"el-item\">\n<div class=\"el-content uk-panel\" style=\"display: flow-root; position: relative; box-sizing: border-box; margin-bottom: 0px;\">\n<div class=\"uk-first-column\" style=\"margin-bottom: 0px;\">\n<article id=\"post-1640\" class=\"uk-article post-1640 post type-post status-publish format-standard hentry category-cookies tag-cookies\" style=\"display: flow-root;\">\n<div class=\"uk-margin-medium-top\" style=\"margin-top: 40px !important; margin-bottom: 0px;\">\n<p style=\"margin: 0px 0px 30px;\">Nuestro portal puede modificar esta Pol\u00edtica de Cookies en funci\u00f3n de exigencias legislativas, reglamentarias o con la finalidad de adaptar dicha pol\u00edtica a las instrucciones dictadas por la Agencia Espa\u00f1ola de Protecci\u00f3n de Datos, por lo que se aconseja a los usuarios que la visiten peri\u00f3dicamente.<\/p>\n<\/div>\n<\/article>\n<\/div>\n<\/div>\n<\/li>\n<\/ul>\n<\/div>\n<\/div>\n<div class=\"tm-grid-expand uk-child-width-1-1 uk-margin-large uk-grid uk-grid-stack\" style=\"display: flex; flex-wrap: wrap; margin: 40px 0px 0px -40px; padding: 0px; list-style: none; color: #6c6f71; font-family: 'Archivo Narrow'; font-size: 17px; background-color: #ffffff;\">\n<div class=\"uk-width-1-1@m uk-first-column\" style=\"margin: 0px; padding-left: 40px; box-sizing: border-box; width: 940px; max-width: 100%; flex-grow: 1;\">\n<h3 style=\"margin: 0px 0px 30px; font-family: inherit; font-weight: 300; color: #737576; text-transform: inherit; font-size: 32px; line-height: 1.4;\">\u00a0<\/h3>\n<h3 style=\"margin: 40px 0px 30px; font-family: inherit; font-weight: 300; color: #737576; text-transform: inherit; font-size: 32px; line-height: 1.4;\"><span style=\"font-weight: bolder;\">Uso de Cookies<\/span><\/h3>\n<ul class=\"uk-list uk-list-large uk-margin-small\" style=\"padding: 0px; list-style: none; margin: 10px !important 0px 0px 0px;\">\n<li class=\"el-item\">\n<div class=\"el-content uk-panel\" style=\"display: flow-root; position: relative; box-sizing: border-box; margin-bottom: 0px;\">\n<div class=\"uk-first-column\" style=\"margin-bottom: 0px;\">\n<article id=\"post-1640\" class=\"uk-article post-1640 post type-post status-publish format-standard hentry category-cookies tag-cookies\" style=\"display: flow-root;\">\n<div class=\"uk-margin-medium-top\" style=\"margin-top: 40px !important; margin-bottom: 0px;\">\n<p style=\"margin: 0px 0px 30px;\">Este sitio web utiliza cookies para que usted tenga la mejor experiencia de usuario. Si contin\u00faa navegando est\u00e1 dando su consentimiento para la aceptaci\u00f3n de las mencionadas cookies y la aceptaci\u00f3n de nuestra pol\u00edtica de cookies, pinche el enlace para mayor informaci\u00f3n.<\/p>\n<\/div>\n<\/article>\n<\/div>\n<\/div>\n<\/li>\n<\/ul>\n<\/div>\n<\/div>\n<\/div>\n<\/div>\n<\/div>\n<\/div>\n<\/div>\n<\/section>","protected":false},"excerpt":{"rendered":"<p>Pol\u00edtica de Cookies El Sitio Web utiliza un analizador de tr\u00e1fico que emplea peque\u00f1os programas denominados y conocidos como \u201ccookies\u201d que nos dan a conocer cierta informaci\u00f3n sobre el uso de nuestro Sitio: Las cookies contienen informaci\u00f3n que se transfiere al disco duro de su ordenador. Podemos recabar informaci\u00f3n sobre su ordenador, incluido, en su &hellip; <\/p>\n<p class=\"link-more\"><a href=\"https:\/\/livewin2.com\/en\/politica-de-cookies\/\" class=\"more-link\">Continue reading<span class=\"screen-reader-text\"> \u00abPol\u00edtica de Cookies\u00bb<\/span><\/a><\/p>","protected":false},"author":1,"featured_media":0,"parent":0,"menu_order":0,"comment_status":"closed","ping_status":"closed","template":"elementor_canvas","meta":{"footnotes":""},"class_list":["post-14","page","type-page","status-publish","hentry","entry"],"_links":{"self":[{"href":"https:\/\/livewin2.com\/en\/wp-json\/wp\/v2\/pages\/14","targetHints":{"allow":["GET"]}}],"collection":[{"href":"https:\/\/livewin2.com\/en\/wp-json\/wp\/v2\/pages"}],"about":[{"href":"https:\/\/livewin2.com\/en\/wp-json\/wp\/v2\/types\/page"}],"author":[{"embeddable":true,"href":"https:\/\/livewin2.com\/en\/wp-json\/wp\/v2\/users\/1"}],"replies":[{"embeddable":true,"href":"https:\/\/livewin2.com\/en\/wp-json\/wp\/v2\/comments?post=14"}],"version-history":[{"count":1,"href":"https:\/\/livewin2.com\/en\/wp-json\/wp\/v2\/pages\/14\/revisions"}],"predecessor-version":[{"id":15,"href":"https:\/\/livewin2.com\/en\/wp-json\/wp\/v2\/pages\/14\/revisions\/15"}],"wp:attachment":[{"href":"https:\/\/livewin2.com\/en\/wp-json\/wp\/v2\/media?parent=14"}],"curies":[{"name":"wp","href":"https:\/\/api.w.org\/{rel}","templated":true}]}}